{"id":45,"date":"2025-11-07T13:41:55","date_gmt":"2025-11-07T12:41:55","guid":{"rendered":"https:\/\/wp.hh-loos.de\/?page_id=45"},"modified":"2025-11-07T13:46:01","modified_gmt":"2025-11-07T12:46:01","slug":"ueber-uns","status":"publish","type":"page","link":"https:\/\/wp.hh-loos.de\/?page_id=45","title":{"rendered":"\u00dcber uns"},"content":{"rendered":"\n<p>Willkommen bei Ihrer <strong>Tischlerei in Hamburg<\/strong>, wo echtes Handwerk auf kreative Ideen trifft.<br>Wir stehen f\u00fcr <strong>Zuverl\u00e4ssigkeit, Pr\u00e4zision und individuelle L\u00f6sungen aus Holz<\/strong> \u2013 von der ersten Planung bis zur Montage vor Ort.<\/p>\n\n\n\n<p>Als erfahrene <strong>Schreinerei und Holzmanufaktur<\/strong> fertigen wir <strong>ma\u00dfgefertigte M\u00f6bel<\/strong>, Einbauschr\u00e4nke, K\u00fcchen, T\u00fcren und komplette Innenausbauten nach Ihren Vorstellungen.<br>Dabei verbinden wir <strong>traditionelles Tischlerhandwerk<\/strong> mit modernen Materialien und nachhaltigen Fertigungsmethoden.<\/p>\n\n\n\n<p>Unser Anspruch: <strong>M\u00f6bel, die nicht nur passen, sondern begeistern.<\/strong><br>Ob privater Wohnraum, B\u00fcro oder Gesch\u00e4ftseinrichtung \u2013 wir gestalten R\u00e4ume mit Charakter und Funktion.<\/p>\n\n\n\n<p><strong>Kreativ, zuverl\u00e4ssig und partnerschaftlich<\/strong> begleiten wir Sie von der Idee \u00fcber das Design bis zum fertigen Ergebnis.<br>Denn wir wissen: Jeder Kunde ist anders, jedes Projekt einzigartig \u2013 und genau das macht unser Handwerk so besonders.<\/p>\n\n\n\n<blockquote class=\"wp-block-quote is-layout-flow wp-block-quote-is-layout-flow\">\n<p><strong>Ihr Partner f\u00fcr Holz, Design und individuelle L\u00f6sungen in Hamburg.<\/strong><\/p>\n<\/blockquote>\n\n\n\n<p><\/p>\n","protected":false},"excerpt":{"rendered":"<p>Willkommen bei Ihrer Tischlerei in Hamburg, wo echtes Handwerk auf kreative Ideen trifft.Wir stehen f\u00fcr Zuverl\u00e4ssigkeit, Pr\u00e4zision und individuelle L\u00f6sungen [&hellip;]<\/p>\n","protected":false},"author":1,"featured_media":0,"parent":0,"menu_order":0,"comment_status":"closed","ping_status":"closed","template":"","meta":{"site-sidebar-layout":"default","site-content-layout":"","ast-site-content-layout":"default","site-content-style":"default","site-sidebar-style":"default","ast-global-header-display":"","ast-banner-title-visibility":"","ast-main-header-display":"","ast-hfb-above-header-display":"","ast-hfb-below-header-display":"","ast-hfb-mobile-header-display":"","site-post-title":"","ast-breadcrumbs-content":"","ast-featured-img":"","footer-sml-layout":"","theme-transparent-header-meta":"","adv-header-id-meta":"","stick-header-meta":"","header-above-stick-meta":"","header-main-stick-meta":"","header-below-stick-meta":"","astra-migrate-meta-layouts":"default","ast-page-background-enabled":"default","ast-page-background-meta":{"desktop":{"background-color":"var(--ast-global-color-5)","background-image":"","background-repeat":"repeat","background-position":"center center","background-size":"auto","background-attachment":"scroll","background-type":"","background-media":"","overlay-type":"","overlay-color":"","overlay-opacity":"","overlay-gradient":""},"tablet":{"background-color":"","background-image":"","background-repeat":"repeat","background-position":"center center","background-size":"auto","background-attachment":"scroll","background-type":"","background-media":"","overlay-type":"","overlay-color":"","overlay-opacity":"","overlay-gradient":""},"mobile":{"background-color":"","background-image":"","background-repeat":"repeat","background-position":"center center","background-size":"auto","background-attachment":"scroll","background-type":"","background-media":"","overlay-type":"","overlay-color":"","overlay-opacity":"","overlay-gradient":""}},"ast-content-background-meta":{"desktop":{"background-color":"var(--ast-global-color-4)","background-image":"","background-repeat":"repeat","background-position":"center center","background-size":"auto","background-attachment":"scroll","background-type":"","background-media":"","overlay-type":"","overlay-color":"","overlay-opacity":"","overlay-gradient":""},"tablet":{"background-color":"var(--ast-global-color-4)","background-image":"","background-repeat":"repeat","background-position":"center center","background-size":"auto","background-attachment":"scroll","background-type":"","background-media":"","overlay-type":"","overlay-color":"","overlay-opacity":"","overlay-gradient":""},"mobile":{"background-color":"var(--ast-global-color-4)","background-image":"","background-repeat":"repeat","background-position":"center center","background-size":"auto","background-attachment":"scroll","background-type":"","background-media":"","overlay-type":"","overlay-color":"","overlay-opacity":"","overlay-gradient":""}},"footnotes":""},"class_list":["post-45","page","type-page","status-publish","hentry"],"_links":{"self":[{"href":"https:\/\/wp.hh-loos.de\/index.php?rest_route=\/wp\/v2\/pages\/45","targetHints":{"allow":["GET"]}}],"collection":[{"href":"https:\/\/wp.hh-loos.de\/index.php?rest_route=\/wp\/v2\/pages"}],"about":[{"href":"https:\/\/wp.hh-loos.de\/index.php?rest_route=\/wp\/v2\/types\/page"}],"author":[{"embeddable":true,"href":"https:\/\/wp.hh-loos.de\/index.php?rest_route=\/wp\/v2\/users\/1"}],"replies":[{"embeddable":true,"href":"https:\/\/wp.hh-loos.de\/index.php?rest_route=%2Fwp%2Fv2%2Fcomments&post=45"}],"version-history":[{"count":6,"href":"https:\/\/wp.hh-loos.de\/index.php?rest_route=\/wp\/v2\/pages\/45\/revisions"}],"predecessor-version":[{"id":55,"href":"https:\/\/wp.hh-loos.de\/index.php?rest_route=\/wp\/v2\/pages\/45\/revisions\/55"}],"wp:attachment":[{"href":"https:\/\/wp.hh-loos.de\/index.php?rest_route=%2Fwp%2Fv2%2Fmedia&parent=45"}],"curies":[{"name":"wp","href":"https:\/\/api.w.org\/{rel}","templated":true}]}}