{"id":57,"date":"2025-11-07T13:53:16","date_gmt":"2025-11-07T12:53:16","guid":{"rendered":"https:\/\/wp.hh-loos.de\/?page_id=57"},"modified":"2026-01-01T19:13:32","modified_gmt":"2026-01-01T18:13:32","slug":"startseite","status":"publish","type":"page","link":"https:\/\/wp.hh-loos.de\/","title":{"rendered":"Startseite"},"content":{"rendered":"\n<div class=\"wp-block-group is-layout-constrained wp-block-group-is-layout-constrained\">\n<div class=\"wp-block-columns is-layout-flex wp-container-core-columns-is-layout-28f84493 wp-block-columns-is-layout-flex\">\n<div class=\"wp-block-column is-layout-flow wp-block-column-is-layout-flow\">\n<figure class=\"wp-block-image size-large\"><img loading=\"lazy\" decoding=\"async\" width=\"1024\" height=\"683\" src=\"https:\/\/wp.hh-loos.de\/wp-content\/uploads\/2025\/11\/test-1024x683.png\" alt=\"\" class=\"wp-image-65\" srcset=\"https:\/\/wp.hh-loos.de\/wp-content\/uploads\/2025\/11\/test-1024x683.png 1024w, https:\/\/wp.hh-loos.de\/wp-content\/uploads\/2025\/11\/test-300x200.png 300w, https:\/\/wp.hh-loos.de\/wp-content\/uploads\/2025\/11\/test-768x512.png 768w, https:\/\/wp.hh-loos.de\/wp-content\/uploads\/2025\/11\/test-600x400.png 600w, https:\/\/wp.hh-loos.de\/wp-content\/uploads\/2025\/11\/test.png 1536w\" sizes=\"auto, (max-width: 1024px) 100vw, 1024px\" \/><\/figure>\n<\/div>\n\n\n\n<div class=\"wp-block-column is-layout-flow wp-block-column-is-layout-flow\">\n<p class=\"has-medium-font-size\"><strong>Ma\u00dfarbeit aus Gro\u00dfenw\u00f6rden<\/strong><\/p>\n\n\n\n<p><br>Wir fertigen M\u00f6bel und Innenausbauten, die Design, Funktion und Handwerk perfekt verbinden.<br>Mit Erfahrung, Kreativit\u00e4t und viel Liebe zum Detail gestalten wir R\u00e4ume aus Holz \u2013 individuell, nachhaltig und zuverl\u00e4ssig.<\/p>\n\n\n\n<p>Von der Idee \u00fcber die Planung bis zur Montage:<br>Wir sind Ihr Partner f\u00fcr ma\u00dfgefertigte M\u00f6bel, K\u00fcchen, T\u00fcren und Innenausbau.<\/p>\n\n\n\n<p><strong>Vertrauen Sie auf echtes Handwerk \u2013 aus Norddeutschland<\/strong><\/p>\n<\/div>\n<\/div>\n<\/div>\n\n\n\n<p><\/p>\n","protected":false},"excerpt":{"rendered":"<p>Ma\u00dfarbeit aus Gro\u00dfenw\u00f6rden Wir fertigen M\u00f6bel und Innenausbauten, die Design, Funktion und Handwerk perfekt verbinden.Mit Erfahrung, Kreativit\u00e4t und viel Liebe [&hellip;]<\/p>\n","protected":false},"author":1,"featured_media":0,"parent":0,"menu_order":0,"comment_status":"closed","ping_status":"closed","template":"","meta":{"site-sidebar-layout":"default","site-content-layout":"","ast-site-content-layout":"full-width-container","site-content-style":"default","site-sidebar-style":"default","ast-global-header-display":"","ast-banner-title-visibility":"","ast-main-header-display":"","ast-hfb-above-header-display":"","ast-hfb-below-header-display":"","ast-hfb-mobile-header-display":"","site-post-title":"disabled","ast-breadcrumbs-content":"","ast-featured-img":"","footer-sml-layout":"","theme-transparent-header-meta":"","adv-header-id-meta":"","stick-header-meta":"","header-above-stick-meta":"","header-main-stick-meta":"","header-below-stick-meta":"","astra-migrate-meta-layouts":"default","ast-page-background-enabled":"default","ast-page-background-meta":{"desktop":{"background-color":"var(--ast-global-color-5)","background-image":"","background-repeat":"repeat","background-position":"center center","background-size":"auto","background-attachment":"scroll","background-type":"","background-media":"","overlay-type":"","overlay-color":"","overlay-opacity":"","overlay-gradient":""},"tablet":{"background-color":"","background-image":"","background-repeat":"repeat","background-position":"center center","background-size":"auto","background-attachment":"scroll","background-type":"","background-media":"","overlay-type":"","overlay-color":"","overlay-opacity":"","overlay-gradient":""},"mobile":{"background-color":"","background-image":"","background-repeat":"repeat","background-position":"center center","background-size":"auto","background-attachment":"scroll","background-type":"","background-media":"","overlay-type":"","overlay-color":"","overlay-opacity":"","overlay-gradient":""}},"ast-content-background-meta":{"desktop":{"background-color":"var(--ast-global-color-4)","background-image":"","background-repeat":"repeat","background-position":"center center","background-size":"auto","background-attachment":"scroll","background-type":"","background-media":"","overlay-type":"","overlay-color":"","overlay-opacity":"","overlay-gradient":""},"tablet":{"background-color":"var(--ast-global-color-4)","background-image":"","background-repeat":"repeat","background-position":"center center","background-size":"auto","background-attachment":"scroll","background-type":"","background-media":"","overlay-type":"","overlay-color":"","overlay-opacity":"","overlay-gradient":""},"mobile":{"background-color":"var(--ast-global-color-4)","background-image":"","background-repeat":"repeat","background-position":"center center","background-size":"auto","background-attachment":"scroll","background-type":"","background-media":"","overlay-type":"","overlay-color":"","overlay-opacity":"","overlay-gradient":""}},"footnotes":""},"class_list":["post-57","page","type-page","status-publish","hentry"],"_links":{"self":[{"href":"https:\/\/wp.hh-loos.de\/index.php?rest_route=\/wp\/v2\/pages\/57","targetHints":{"allow":["GET"]}}],"collection":[{"href":"https:\/\/wp.hh-loos.de\/index.php?rest_route=\/wp\/v2\/pages"}],"about":[{"href":"https:\/\/wp.hh-loos.de\/index.php?rest_route=\/wp\/v2\/types\/page"}],"author":[{"embeddable":true,"href":"https:\/\/wp.hh-loos.de\/index.php?rest_route=\/wp\/v2\/users\/1"}],"replies":[{"embeddable":true,"href":"https:\/\/wp.hh-loos.de\/index.php?rest_route=%2Fwp%2Fv2%2Fcomments&post=57"}],"version-history":[{"count":8,"href":"https:\/\/wp.hh-loos.de\/index.php?rest_route=\/wp\/v2\/pages\/57\/revisions"}],"predecessor-version":[{"id":104,"href":"https:\/\/wp.hh-loos.de\/index.php?rest_route=\/wp\/v2\/pages\/57\/revisions\/104"}],"wp:attachment":[{"href":"https:\/\/wp.hh-loos.de\/index.php?rest_route=%2Fwp%2Fv2%2Fmedia&parent=57"}],"curies":[{"name":"wp","href":"https:\/\/api.w.org\/{rel}","templated":true}]}}